{"id":884,"date":"2022-07-13T17:35:44","date_gmt":"2022-07-13T15:35:44","guid":{"rendered":"https:\/\/fialavojtech.cz\/domains\/fialavojtech.cz\/?page_id=884"},"modified":"2022-09-13T15:46:48","modified_gmt":"2022-09-13T13:46:48","slug":"o-mne","status":"publish","type":"page","link":"https:\/\/fialavojtech.cz\/domains\/fialavojtech.cz\/o-mne\/","title":{"rendered":"O mn\u011b"},"content":{"rendered":"<div id=\"pl-884\"  class=\"panel-layout\" ><div id=\"pg-884-0\"  class=\"panel-grid panel-has-style\" ><div class=\"siteorigin-panels-stretch panel-row-style panel-row-style-for-884-0\" data-stretch-type=\"full-stretched\" ><div id=\"pgc-884-0-0\"  class=\"panel-grid-cell\" ><\/div><\/div><\/div><div id=\"pg-884-1\"  class=\"panel-grid panel-has-style\" ><div class=\"siteorigin-panels-stretch panel-row-style panel-row-style-for-884-1\" id=\"sluzby\" data-stretch-type=\"full\" ><div id=\"pgc-884-1-0\"  class=\"panel-grid-cell\" ><div id=\"panel-884-1-0-0\" class=\"so-panel widget widget_sow-editor panel-first-child panel-last-child\" data-index=\"1\" ><div\n\t\t\t\n\t\t\tclass=\"so-widget-sow-editor so-widget-sow-editor-base\"\n\t\t\t\n\t\t>\n<div class=\"siteorigin-widget-tinymce textwidget\">\n\t<p><span style=\"font-size: 20px;\"><br \/>\nPohybuji se ve financ\u00edch od roku 2008. Od roku 2011 se specializuji na oblast investi\u010dn\u00edho a majetkov\u00e9ho poradenstv\u00ed. Spolupr\u00e1ci s klienty stav\u00edm na otev\u0159enosti, transparentnosti, dodr\u017eov\u00e1n\u00ed domluven\u00fdch princip\u016f, ale tak\u00e9 samoz\u0159ejm\u011b na absolutn\u00ed diskr\u00e9tnosti.<br \/>\nNepodl\u00e9h\u00e1m bezhlav\u011b m\u00f3dn\u00edm trend\u016fm na investi\u010dn\u00edm trhu, proto ode mne neo\u010dek\u00e1vejte, \u017ee bych cht\u011bl, abyste ve Va\u0161em portfoliu m\u011bli n\u011bkter\u00e9 investice jen proto, \u017ee jsou \u201ezelen\u00e9\u201c nebo \u201espole\u010densky odpov\u011bdn\u00e9. Stejn\u011b tak nevid\u00edm, zejm\u00e9na pro bonitn\u00ed investory, kte\u0159\u00ed ji\u017e prodali sv\u00e9 firmy, \u010di se k tomu t\u0159eba chystaj\u00ed, vhodnou cestu v investi\u010dn\u00edm p\u0159\u00edstupu zalo\u017een\u00e9m na n\u011bkdy a\u017e bezhlav\u00e9 maxim\u00e1ln\u00ed diverzifikaci a v n\u00edzkon\u00e1kladov\u00e9m pasivn\u00edm kop\u00edrov\u00e1n\u00ed index\u016f. Tento p\u0159\u00edstup n\u011bkter\u00fdch poradc\u016f je sice mo\u017en\u00e1 marketingov\u011b velmi dob\u0159e funguj\u00edc\u00ed, ale \u0161patn\u00e1 diverzifikace m\u00e1 za n\u00e1sledek \u0161patn\u00fd v\u00fdsledek pro Va\u0161e pen\u00edze a V\u00e1\u0161 majetek.<br \/>\n<\/span><\/p>\n<\/div>\n<\/div><\/div><\/div><\/div><\/div><div id=\"pg-884-2\"  class=\"panel-grid panel-has-style\" ><div class=\"siteorigin-panels-stretch panel-row-style panel-row-style-for-884-2\" id=\"sluzby\" data-stretch-type=\"full\" ><div id=\"pgc-884-2-0\"  class=\"panel-grid-cell panel-grid-cell-mobile-last\" ><div id=\"panel-884-2-0-0\" class=\"so-panel widget widget_sow-editor panel-first-child panel-last-child\" data-index=\"2\" ><div class=\"panel-widget-style panel-widget-style-for-884-2-0-0\" ><div\n\t\t\t\n\t\t\tclass=\"so-widget-sow-editor so-widget-sow-editor-base\"\n\t\t\t\n\t\t>\n<div class=\"siteorigin-widget-tinymce textwidget\">\n\t<p><span style=\"font-size: 20px;color:white;\">Kl\u00ed\u010d k udr\u017een\u00ed hodnoty majetku a jeho r\u016fstu v \u010dase spat\u0159uji v \u0161ikovn\u011b sestaven\u00e9m portfoliu investuj\u00edc\u00edho do re\u00e1ln\u011b funguj\u00edc\u00ed ekonomiky a skute\u010dn\u00fdch projekt\u016f, a\u0165 u\u017e formou investi\u010dn\u00edch n\u00e1stroj\u016f kapit\u00e1lov\u00e9ho trhu \u010di jin\u00e9m zp\u016fsobu participace. Pasivn\u00ed investov\u00e1n\u00ed a kop\u00edrov\u00e1n\u00ed index\u016f nepova\u017euji pro investi\u010dn\u00ed horizont do 5 let za vhodn\u00fd \u010di \u201euniverz\u00e1ln\u011b funguj\u00edc\u00ed\u201c p\u0159\u00edstup.<\/span><\/p>\n<\/div>\n<\/div><\/div><\/div><\/div><div id=\"pgc-884-2-1\"  class=\"panel-grid-cell panel-grid-cell-empty\" ><\/div><\/div><\/div><div id=\"pg-884-3\"  class=\"panel-grid panel-has-style\" ><div class=\"siteorigin-panels-stretch panel-row-style panel-row-style-for-884-3\" id=\"sluzby\" data-stretch-type=\"full\" ><div id=\"pgc-884-3-0\"  class=\"panel-grid-cell\" ><div id=\"panel-884-3-0-0\" class=\"so-panel widget widget_sow-editor panel-first-child panel-last-child\" data-index=\"3\" ><div\n\t\t\t\n\t\t\tclass=\"so-widget-sow-editor so-widget-sow-editor-base\"\n\t\t\t\n\t\t>\n<div class=\"siteorigin-widget-tinymce textwidget\">\n\t<blockquote><p><span style=\"font-size: 30px;\">Nemysl\u00edm si, \u017ee by moji klienti m\u011bli investovat takov\u00fdm zp\u016fsobem, \u017ee pak budou muset \u010dekat 5 \u2013 10 let, ne\u017e se investice po n\u00e1hl\u00e9m tr\u017en\u00edm propadu \u201ezotav\u00ed\u201c.<\/span><\/p><\/blockquote>\n<\/div>\n<\/div><\/div><\/div><\/div><\/div><div id=\"pg-884-4\"  class=\"panel-grid panel-has-style\" ><div class=\"siteorigin-panels-stretch panel-row-style panel-row-style-for-884-4\" id=\"sluzby\" data-stretch-type=\"full\" ><div id=\"pgc-884-4-0\"  class=\"panel-grid-cell\" ><div id=\"panel-884-4-0-0\" class=\"so-panel widget widget_sow-editor panel-first-child panel-last-child\" data-index=\"4\" ><div class=\"panel-widget-style panel-widget-style-for-884-4-0-0\" ><div\n\t\t\t\n\t\t\tclass=\"so-widget-sow-editor so-widget-sow-editor-base\"\n\t\t\t\n\t\t>\n<div class=\"siteorigin-widget-tinymce textwidget\">\n\t<p><span style=\"font-size: 20px; color: white;\">V roce 2017 jsem s kolegou zalo\u017eil spole\u010dnost poskytuj\u00edc\u00ed honorovan\u00e9 ekonomick\u00e9 a investi\u010dn\u00ed poradenstv\u00ed, kter\u00e1 dnes pod n\u00e1zvem <a href=\"www.clevertyadvisors.cz\" target=\"_blank\" rel=\"noopener\">CLEVERTY Advisors<\/a> pat\u0159\u00ed k pil\u00ed\u0159\u016fm skupiny CLEVERTY. V t\u00e9to spole\u010dnosti m\u00e1me za c\u00edl s klienty vytv\u00e1\u0159et dlouhodob\u00e1 investi\u010dn\u00ed portfolia, kter\u00e1 maj\u00ed za c\u00edl ochr\u00e1nit vybudovan\u00e9 bohatstv\u00ed klient\u016f p\u0159ed riziky na trz\u00edch \u2013 a\u0165 u\u017e se jedn\u00e1 o \u0161okov\u00e9 propady nebo dlouhodob\u00e9 znehodnocov\u00e1n\u00ed pen\u011bz v \u010dase.<br \/>\n<\/span><\/p>\n<\/div>\n<\/div><\/div><\/div><\/div><div id=\"pgc-884-4-1\"  class=\"panel-grid-cell\" ><div id=\"panel-884-4-1-0\" class=\"so-panel widget widget_sow-image panel-first-child panel-last-child\" data-index=\"5\" ><div\n\t\t\t\n\t\t\tclass=\"so-widget-sow-image so-widget-sow-image-default-c67d20f9f743-884\"\n\t\t\t\n\t\t>\n\n<div class=\"sow-image-container\">\n\t\t<img src=\"https:\/\/fialavojtech.cz\/domains\/fialavojtech.cz\/wp-content\/uploads\/2022\/07\/advisors.svg\" width=\"300\" height=\"300\" sizes=\"(max-width: 300px) 100vw, 300px\" alt=\"\" loading=\"lazy\" \t\tclass=\"so-widget-image\"\/>\n\t<\/div>\n\n<\/div><\/div><\/div><\/div><\/div><div id=\"pg-884-5\"  class=\"panel-grid panel-has-style\" ><div class=\"siteorigin-panels-stretch panel-row-style panel-row-style-for-884-5\" id=\"sluzby\" data-stretch-type=\"full\" ><div id=\"pgc-884-5-0\"  class=\"panel-grid-cell\" ><div id=\"panel-884-5-0-0\" class=\"so-panel widget widget_sow-image panel-first-child panel-last-child\" data-index=\"6\" ><div\n\t\t\t\n\t\t\tclass=\"so-widget-sow-image so-widget-sow-image-default-c67d20f9f743-884\"\n\t\t\t\n\t\t>\n\n<div class=\"sow-image-container\">\n\t\t<img src=\"https:\/\/fialavojtech.cz\/domains\/fialavojtech.cz\/wp-content\/uploads\/2022\/09\/vf3.png\" width=\"1280\" height=\"1920\" srcset=\"https:\/\/fialavojtech.cz\/domains\/fialavojtech.cz\/wp-content\/uploads\/2022\/09\/vf3.png 1280w, https:\/\/fialavojtech.cz\/domains\/fialavojtech.cz\/wp-content\/uploads\/2022\/09\/vf3-200x300.png 200w, https:\/\/fialavojtech.cz\/domains\/fialavojtech.cz\/wp-content\/uploads\/2022\/09\/vf3-683x1024.png 683w, https:\/\/fialavojtech.cz\/domains\/fialavojtech.cz\/wp-content\/uploads\/2022\/09\/vf3-768x1152.png 768w, https:\/\/fialavojtech.cz\/domains\/fialavojtech.cz\/wp-content\/uploads\/2022\/09\/vf3-1024x1536.png 1024w\" sizes=\"(max-width: 1280px) 100vw, 1280px\" alt=\"\" loading=\"lazy\" \t\tclass=\"so-widget-image\"\/>\n\t<\/div>\n\n<\/div><\/div><\/div><div id=\"pgc-884-5-1\"  class=\"panel-grid-cell\" ><div id=\"panel-884-5-1-0\" class=\"so-panel widget widget_sow-editor panel-first-child panel-last-child\" data-index=\"7\" ><div\n\t\t\t\n\t\t\tclass=\"so-widget-sow-editor so-widget-sow-editor-base\"\n\t\t\t\n\t\t>\n<div class=\"siteorigin-widget-tinymce textwidget\">\n\t<p><span style=\"font-size: 20px;\">V neposledn\u00ed \u0159ad\u011b jsem t\u00e1ta dvou d\u011bt\u00ed, myslivec, ryb\u00e1\u0159 a m\u00e1m r\u00e1d hudbu. Se sv\u00fdmi klienty se r\u00e1d potk\u00e1v\u00e1m na r\u016fzn\u00fdch neform\u00e1ln\u00edch akc\u00edch \u010di setk\u00e1n\u00edch, kter\u00e9 mi umo\u017en\u00ed l\u00e9pe poznat jejich z\u00e1m\u011bry a o\u010dek\u00e1v\u00e1n\u00ed.<br \/>\n<\/span><\/p>\n<\/div>\n<\/div><\/div><\/div><\/div><\/div><div id=\"pg-884-6\"  class=\"panel-grid panel-has-style\" ><div class=\"siteorigin-panels-stretch panel-row-style panel-row-style-for-884-6\" id=\"kontakt\" data-stretch-type=\"full\" ><div id=\"pgc-884-6-0\"  class=\"panel-grid-cell\" ><div class=\"panel-cell-style panel-cell-style-for-884-6-0\" ><div id=\"panel-884-6-0-0\" class=\"so-panel widget widget_sow-headline panel-first-child\" data-index=\"8\" ><div id=\"seznamit\" class=\"panel-widget-style panel-widget-style-for-884-6-0-0\" ><div\n\t\t\t\n\t\t\tclass=\"so-widget-sow-headline so-widget-sow-headline-default-fbfb2213807b-884\"\n\t\t\t\n\t\t><div class=\"sow-headline-container \">\n\t<h1 class='sow-headline'>Poj\u010fme se sezn\u00e1mit<\/h1>\t\t\t\t\t<div class=\"decoration\">\n\t\t\t\t\t\t<div class=\"decoration-inside\"><\/div>\n\t\t\t\t\t<\/div>\n\t\t\t\t\t<\/div>\n<\/div><\/div><\/div><div id=\"panel-884-6-0-1\" class=\"so-panel widget widget_sow-editor panel-last-child\" data-index=\"9\" ><div\n\t\t\t\n\t\t\tclass=\"so-widget-sow-editor so-widget-sow-editor-base\"\n\t\t\t\n\t\t>\n<div class=\"siteorigin-widget-tinymce textwidget\">\n\t<p><span style=\"font-size: 20px;\">M\u00e1te z\u00e1jem o splupr\u00e1ci? R\u00e1d se s V\u00e1mi setk\u00e1m a prodiskutujeme mo\u017enosti. Zavolejte mi, napi\u0161te e-mail nebo pou\u017eijte tento formul\u00e1\u0159.<\/span><\/p>\n<p><span style=\"font-size: 20px; color: #2ba092;\"><i class=\"fa fa-envelope\" aria-hidden=\"true\"><\/i>\u2002<a style=\"color: #646464; font-weight: bold;\" href=\"mailto:vojtech.fiala@cleverty.cz\">vojtech.fiala@cleverty.cz<\/a><\/span><\/p>\n<p><span style=\"font-size: 20px; color: #2ba092;\"><i class=\"fa fa-phone\" aria-hidden=\"true\"><\/i>\u2002<a style=\"color: #646464; font-weight: bold;\" href=\"tel: +420 602 118 232\">+420 602 118 232<\/a><\/span><\/p>\n<\/div>\n<\/div><\/div><\/div><\/div><div id=\"pgc-884-6-1\"  class=\"panel-grid-cell\" ><div class=\"panel-cell-style panel-cell-style-for-884-6-1\" ><div id=\"panel-884-6-1-0\" class=\"so-panel widget widget_sow-contact-form panel-first-child panel-last-child\" data-index=\"10\" ><div\n\t\t\t\n\t\t\tclass=\"so-widget-sow-contact-form so-widget-sow-contact-form-default-8bcde1f12729-884\"\n\t\t\t\n\t\t>\t<form\n\t\taction=\"\/domains\/fialavojtech.cz\/wp-json\/wp\/v2\/pages\/884\"\n\t\tmethod=\"POST\"\n\t\tclass=\"sow-contact-form\"\n\t\tid=\"contact-form-8f93\"\n\t>\n\n\t\t\n\t\t            <div class=\"sow-form-field sow-form-field-name\">\n            \t<label class=\"sow-form-field-label-above\" for=\"sow-contact-form-field-vae-jmno-124098097062e82d2d1331d090969968\">\n\t\t\t\t<strong>\n\t\t\t\t\tVA\u0160E JM\u00c9NO\t\t\t\t\t\t\t\t\t<\/strong>\n\t\t\t<\/label>\n\t\t\t\t\t\t\t<span class=\"sow-field-container\">\n\t\t\t\t\t\t\t<input\n\t\t\ttype=\"text\"\n\t\t\tname=\"vae-jmno-124098097062e82d2d1331d090969968\"\n\t\t\tid=\"sow-contact-form-field-vae-jmno-124098097062e82d2d1331d090969968\"\n\t\t\tvalue=\"\"\n\t\t\tclass=\"sow-text-field\"\n\t\t\t\t\t\/>\n\t\t\t\t\t\t<\/span>\n\t\t\t\t\t\t\t<\/div>\n\t\t\t            <div class=\"sow-form-field sow-form-field-email\">\n            \t<label class=\"sow-form-field-label-above\" for=\"sow-contact-form-field-v-e-mail-124098097062e82d2d1331d090969968\">\n\t\t\t\t<strong>\n\t\t\t\t\tV\u00c1\u0160 E-MAIL\t\t\t\t\t\t\t\t\t<\/strong>\n\t\t\t<\/label>\n\t\t\t\t\t\t\t<span class=\"sow-field-container\">\n\t\t\t\t\t\t\t<input\n\t\t\ttype=\"email\"\n\t\t\tname=\"v-e-mail-124098097062e82d2d1331d090969968\"\n\t\t\tid=\"sow-contact-form-field-v-e-mail-124098097062e82d2d1331d090969968\"\n\t\t\tvalue=\"\"\n\t\t\tclass=\"sow-text-field\"\t\t\t\t\t\/>\n\t\t\t\t\t\t<\/span>\n\t\t\t\t\t\t\t<\/div>\n\t\t\t            <div class=\"sow-form-field sow-form-field-tel\">\n            \t<label class=\"sow-form-field-label-above\" for=\"sow-contact-form-field-vae-telefonn-slo-124098097062e82d2d1331d090969968\">\n\t\t\t\t<strong>\n\t\t\t\t\tVA\u0160E TELEFONN\u00cd \u010c\u00cdSLO\t\t\t\t\t\t\t\t\t<\/strong>\n\t\t\t<\/label>\n\t\t\t\t\t\t\t<span class=\"sow-field-container\">\n\t\t\t\t\t\t\t<input\n\t\t\ttype=\"tel\"\n\t\t\tname=\"vae-telefonn-slo-124098097062e82d2d1331d090969968\"\n\t\t\tid=\"sow-contact-form-field-vae-telefonn-slo-124098097062e82d2d1331d090969968\"\n\t\t\tvalue=\"\"\n\t\t\tclass=\"sow-text-field\"\t\t\t\t\t\/>\n\t\t\t\t\t\t<\/span>\n\t\t\t\t\t\t\t<\/div>\n\t\t\t\t\t\n\t\t\t\t\t<div class=\"sow-recaptcha\"\n\t\t\t\t\t\t\t><\/div>\n\t\t\n\t\t\n\t\t<input type=\"hidden\" name=\"instance_hash\" value=\"8f930df0d98cd474408a573aaf39915c\" \/>\n\t\t<input type=\"hidden\" id=\"_wpnonce\" name=\"_wpnonce\" value=\"8cbb62f7a1\" \/><input type=\"hidden\" name=\"_wp_http_referer\" value=\"\/domains\/fialavojtech.cz\/wp-json\/wp\/v2\/pages\/884\" \/>\t\t<div class=\"sow-submit-wrapper sow-submit-styled\">\n\n\t\t<button class=\"sow-submit g-recaptcha\"\n\t\t\tdata-sitekey=\"6LcyfPYhAAAAALsbS7NhXrRdG146k2S2HZ21pAlT\" data-callback=\"soContactFormSubmit\" data-action=\"submit\" \t\t\t\t\t>\n\t\t\tKontaktovat\t\t<\/button>\n\n\t\t<\/div>\n\t<\/form>\n\t<\/div><\/div><\/div><\/div><\/div><\/div><\/div>","protected":false},"excerpt":{"rendered":"<p>Pohybuji se ve financ\u00edch od roku 2008. Od roku 2011 se specializuji na oblast investi\u010dn\u00edho a majetkov\u00e9ho poradenstv\u00ed. Spolupr\u00e1ci s klienty stav\u00edm na otev\u0159enosti, transparentnosti, dodr\u017eov\u00e1n\u00ed domluven\u00fdch princip\u016f, ale tak\u00e9 [&hellip;]<\/p>\n","protected":false},"author":1,"featured_media":0,"parent":0,"menu_order":0,"comment_status":"closed","ping_status":"closed","template":"","meta":{"inline_featured_image":false},"aioseo_notices":[],"_links":{"self":[{"href":"https:\/\/fialavojtech.cz\/domains\/fialavojtech.cz\/wp-json\/wp\/v2\/pages\/884"}],"collection":[{"href":"https:\/\/fialavojtech.cz\/domains\/fialavojtech.cz\/wp-json\/wp\/v2\/pages"}],"about":[{"href":"https:\/\/fialavojtech.cz\/domains\/fialavojtech.cz\/wp-json\/wp\/v2\/types\/page"}],"author":[{"embeddable":true,"href":"https:\/\/fialavojtech.cz\/domains\/fialavojtech.cz\/wp-json\/wp\/v2\/users\/1"}],"replies":[{"embeddable":true,"href":"https:\/\/fialavojtech.cz\/domains\/fialavojtech.cz\/wp-json\/wp\/v2\/comments?post=884"}],"version-history":[{"count":164,"href":"https:\/\/fialavojtech.cz\/domains\/fialavojtech.cz\/wp-json\/wp\/v2\/pages\/884\/revisions"}],"predecessor-version":[{"id":1253,"href":"https:\/\/fialavojtech.cz\/domains\/fialavojtech.cz\/wp-json\/wp\/v2\/pages\/884\/revisions\/1253"}],"wp:attachment":[{"href":"https:\/\/fialavojtech.cz\/domains\/fialavojtech.cz\/wp-json\/wp\/v2\/media?parent=884"}],"curies":[{"name":"wp","href":"https:\/\/api.w.org\/{rel}","templated":true}]}}