{"id":1270,"date":"2022-11-03T09:27:31","date_gmt":"2022-11-03T08:27:31","guid":{"rendered":"https:\/\/fialavojtech.cz\/domains\/fialavojtech.cz\/?page_id=1270"},"modified":"2026-04-09T09:25:45","modified_gmt":"2026-04-09T07:25:45","slug":"dokumenty","status":"publish","type":"page","link":"https:\/\/fialavojtech.cz\/domains\/fialavojtech.cz\/dokumenty\/","title":{"rendered":"Dokumenty"},"content":{"rendered":"<p>J&amp;T Money &#8211; b\u0159ezen 2026 &#8211; <a href=\"https:\/\/fialavojtech.cz\/domains\/fialavojtech.cz\/wp-content\/uploads\/2026\/04\/JT-MONEY-A-CZK-OPF-2.pdf\">zobrazit\u00a0<\/a><\/p>\n<p>J&amp;T Bond &#8211; b\u0159ezen 2026 &#8211; <a href=\"https:\/\/fialavojtech.cz\/domains\/fialavojtech.cz\/wp-content\/uploads\/2026\/04\/JT-BOND-A-CZK-OPF-2.pdf\">zobrazit<\/a><\/p>\n<p>KOOR ESG &#8211; leden 2026 &#8211; <a href=\"https:\/\/fialavojtech.cz\/domains\/fialavojtech.cz\/wp-content\/uploads\/2026\/02\/KOOR-ESC-SICAV-Brozura-11_25.pdf\">zobrazit<\/a><\/p>\n<p>J&amp;T Energy &#8211; prosinec 2025 &#8211; <a href=\"https:\/\/fialavojtech.cz\/domains\/fialavojtech.cz\/wp-content\/uploads\/2026\/01\/JT-ENERGY-OPF-1.pdf\">zobrazit<\/a><\/p>\n<p>J&amp;T Money &#8211; prosinec 2025 &#8211; <a href=\"https:\/\/fialavojtech.cz\/domains\/fialavojtech.cz\/wp-content\/uploads\/2026\/01\/JT-MONEY-A-CZK-OPF-1.pdf\">zobrazit<\/a><\/p>\n<p>J&amp;T Bond &#8211; prosinec 2025 &#8211; <a href=\"https:\/\/fialavojtech.cz\/domains\/fialavojtech.cz\/wp-content\/uploads\/2026\/01\/JT-BOND-A-CZK-OPF-1.pdf\">zobrazit<\/a><\/p>\n<p>APEX ONE fond listopad 2025 &#8211;<a href=\"https:\/\/fialavojtech.cz\/domains\/fialavojtech.cz\/wp-content\/uploads\/2025\/12\/APEX_Brozura_202509.pdf\"> zobrazit<\/a><\/p>\n<p>EBM Real Estate &#8211;<a href=\"https:\/\/fialavojtech.cz\/domains\/fialavojtech.cz\/wp-content\/uploads\/2025\/11\/EBM_Residential_podfond_Prezentace_2025-1.pdf\"> zobrazit<\/a><\/p>\n<p>PENTA Real Estate z\u00e1\u0159\u00ed 2025 &#8211; <a href=\"https:\/\/fialavojtech.cz\/domains\/fialavojtech.cz\/wp-content\/uploads\/2025\/11\/20250930_Factsheet_RE_CDI.pdf\">zobrazit<\/a><\/p>\n<p>PENTA Equity z\u00e1\u0159\u00ed 2025 &#8211; <a href=\"https:\/\/fialavojtech.cz\/domains\/fialavojtech.cz\/wp-content\/uploads\/2025\/11\/20250930_Factsheet_PE_CDI.pdf\">zobrazit\u00a0<\/a><\/p>\n<p>REALIA Fund z\u00e1\u0159\u00ed 2025 &#8211; <a href=\"https:\/\/fialavojtech.cz\/domains\/fialavojtech.cz\/wp-content\/uploads\/2025\/10\/REALIA-FUND_update_202510-1.pdf\">zobrazit<\/a><\/p>\n<p>J&amp;T Bond z\u00e1\u0159\u00ed 2025 &#8211; <a href=\"https:\/\/fialavojtech.cz\/domains\/fialavojtech.cz\/wp-content\/uploads\/2025\/10\/JT-BOND-A-CZK-OPF.pdf\">zobrazit<\/a><\/p>\n<p>J&amp;T Money z\u00e1\u0159\u00ed 2025 &#8211; <a href=\"https:\/\/fialavojtech.cz\/domains\/fialavojtech.cz\/wp-content\/uploads\/2025\/10\/JT-MONEY-A-CZK-OPF.pdf\">zobrazit<\/a><\/p>\n<p>J&amp;T Energy &#8211; Infolist 08\/2025 &#8211; <a href=\"https:\/\/fialavojtech.cz\/domains\/fialavojtech.cz\/wp-content\/uploads\/2025\/10\/JT-ENERGY-OPF.pdf\">zobrazit<\/a><\/p>\n<p>J&amp;T Energy 2025 &#8211; <a href=\"https:\/\/fialavojtech.cz\/domains\/fialavojtech.cz\/wp-content\/uploads\/2025\/10\/JT-Energy-prezentace1.pdf\">zobrazit<\/a><\/p>\n<p>J&amp;T Arch &#8211; Q2 2025 &#8211; <a href=\"https:\/\/fialavojtech.cz\/domains\/fialavojtech.cz\/wp-content\/uploads\/2025\/09\/JT-ARCH_ctvrtletni-zprava_2Q2025.pdf\">zobrazit<\/a><\/p>\n<p>J&amp;T Arch &#8211; statut &#8211; <a href=\"https:\/\/fialavojtech.cz\/domains\/fialavojtech.cz\/wp-content\/uploads\/2025\/07\/JT_ARCH_statut.pdf\">zobrazit<\/a><\/p>\n<p>J&amp;T ARCH infolist &#8211; \u010derven 2025 &#8211; <a href=\"https:\/\/fialavojtech.cz\/domains\/fialavojtech.cz\/wp-content\/uploads\/2025\/07\/JT_ARCH_infolist_CZ_2025_Q1.pdf\">zobrazit<\/a><\/p>\n<p>J&amp;T Arch &#8211; Q1 2025 &#8211; <a href=\"https:\/\/fialavojtech.cz\/domains\/fialavojtech.cz\/wp-content\/uploads\/2025\/07\/JT-ARCH-INVESTMENTS_Q1_2025.pdf\">zobrazit<\/a><\/p>\n<p>J&amp;T Bond \u010derven 2025 &#8211; <a href=\"https:\/\/fialavojtech.cz\/domains\/fialavojtech.cz\/wp-content\/uploads\/2025\/07\/JT-BOND-062025.pdf\">zobrazit<\/a><\/p>\n<p>J&amp;T Money \u010derven 2025 &#8211; <a href=\"https:\/\/fialavojtech.cz\/domains\/fialavojtech.cz\/wp-content\/uploads\/2025\/07\/JT-MONEY_062025.pdf\">zobrazit<\/a><\/p>\n<p>J&amp;T Realitn\u00edch akci\u00ed a dluhopis\u016f &#8211; \u010derven 2025 &#8211;\u00a0 <a href=\"https:\/\/fialavojtech.cz\/domains\/fialavojtech.cz\/wp-content\/uploads\/2025\/07\/JT-Realitnich-akcii-a-dluhopisu-OPF_Q22025.pdf\">zobrazit<\/a><\/p>\n<p>J&amp;T Opportunity &#8211; \u010derven 2025 &#8211; <a href=\"https:\/\/fialavojtech.cz\/domains\/fialavojtech.cz\/wp-content\/uploads\/2025\/07\/JT-OPPORTUNITY-OPF_062025.pdf\">zobrazit\u00a0<\/a><\/p>\n<p>Realia &#8211; kv\u011bten 2025 &#8211; <a href=\"https:\/\/fialavojtech.cz\/domains\/fialavojtech.cz\/wp-content\/uploads\/2025\/06\/TZ_realia_202506.pdf\">zobrazit<\/a><\/p>\n<p>Penta Fund &#8211; mana\u017eersk\u00fd koment\u00e1\u0159 &#8211; kv\u011bten 2025 &#8211; <a href=\"https:\/\/fialavojtech.cz\/domains\/fialavojtech.cz\/wp-content\/uploads\/2025\/05\/Penta_Fund_Manazersky_komentar.pdf\">zobrazit<\/a><\/p>\n<p>Penta Equity &#8211; kv\u011bten 2025 &#8211; <a href=\"https:\/\/fialavojtech.cz\/domains\/fialavojtech.cz\/wp-content\/uploads\/2025\/05\/20250331_Factsheet_PE_CDI.pdf\">zobrazit<\/a><\/p>\n<p>Penta Real Estate &#8211;<strong>\u00a0<\/strong>kv\u011bten 2025 &#8211; <a href=\"https:\/\/fialavojtech.cz\/domains\/fialavojtech.cz\/wp-content\/uploads\/2025\/05\/20250331_Factsheet_RE_CDI.pdf\">zobrazit<\/a><\/p>\n<p>J&amp;T Arch Investments kv\u011bten 2025 &#8211; <a href=\"https:\/\/fialavojtech.cz\/domains\/fialavojtech.cz\/wp-content\/uploads\/2025\/05\/JTARCHINVESTMENTS4Q2024.pdf\">zobrazit<\/a><\/p>\n<p>Semper Bro\u017eura kv\u011bten 2025 &#8211; <a href=\"https:\/\/fialavojtech.cz\/domains\/fialavojtech.cz\/wp-content\/uploads\/2025\/05\/brozura_semper_cz.pdf\">zobrazit<\/a><\/p>\n<p>Semper Fact Sheet kv\u011bten 2025 &#8211; <a href=\"https:\/\/fialavojtech.cz\/domains\/fialavojtech.cz\/wp-content\/uploads\/2025\/05\/Fact-sheet.pdf\">zobrazit\u00a0<\/a><\/p>\n<p>J&amp;T Money &#8211; b\u0159ezen 2025 &#8211; <a href=\"https:\/\/fialavojtech.cz\/domains\/fialavojtech.cz\/wp-content\/uploads\/2025\/04\/JT_MONEY_202503.pdf\">zobrazit<\/a><\/p>\n<p>J&amp;T Bond &#8211; b\u0159ezen 2025 &#8211; <a href=\"https:\/\/fialavojtech.cz\/domains\/fialavojtech.cz\/wp-content\/uploads\/2025\/04\/JT_BOND_202503.pdf\">zobrazit<\/a><\/p>\n<p>Realia Bro\u017eura 2024 &#8211; <a href=\"https:\/\/fialavojtech.cz\/domains\/fialavojtech.cz\/wp-content\/uploads\/2025\/03\/Realia-brozura-2024.pdf\">zobrazit<\/a><\/p>\n<p>J&amp;T Arch Investments &#8211; \u00fanor 2025 &#8211; <a href=\"https:\/\/fialavojtech.cz\/domains\/fialavojtech.cz\/wp-content\/uploads\/2025\/02\/JT-Arch-Investment-22025.pdf\">zobrazit\u00a0<\/a><\/p>\n<p>J&amp;T Alliance mechanismus &#8211; \u00fanor 2025 &#8211; <a href=\"https:\/\/fialavojtech.cz\/domains\/fialavojtech.cz\/wp-content\/uploads\/2025\/02\/JT-Alliance-mechanismus-castecne-ochrany-kapitalu-22025.pdf\">zobrazit<\/a><\/p>\n<p>J&amp;T Realitn\u00ed akcie a dluhopisy OPF leden 2025 &#8211; <a href=\"https:\/\/fialavojtech.cz\/domains\/fialavojtech.cz\/wp-content\/uploads\/2025\/02\/JT-Realitnich-akcii-a-dluhopisu-OPF_2024.pdf\">zobrazit<\/a><\/p>\n<p>Penta Fund bro\u017eura &#8211; leden 2025 &#8211; <a href=\"https:\/\/fialavojtech.cz\/domains\/fialavojtech.cz\/wp-content\/uploads\/2025\/01\/PENTAFUND-Brozura.pdf\">zobrazit<\/a><\/p>\n<p>PENTA Fund &#8211; leden 2025 &#8211; <a href=\"https:\/\/fialavojtech.cz\/domains\/fialavojtech.cz\/wp-content\/uploads\/2025\/01\/PENTA-FUND-Brozura.pdf\">zobrazit<\/a><\/p>\n<p>J&amp;T Bond &#8211; prosinec 2024 &#8211; <a href=\"https:\/\/fialavojtech.cz\/domains\/fialavojtech.cz\/wp-content\/uploads\/2025\/01\/JT-BOND-122024.pdf\">zobrazit<\/a><\/p>\n<p>J&amp;T Money &#8211; prosinec 2024 &#8211; <a href=\"https:\/\/fialavojtech.cz\/domains\/fialavojtech.cz\/wp-content\/uploads\/2025\/01\/JT-MONEY-122024.pdf\">zobrazit<\/a><\/p>\n<p>J&amp;T Cash &#8211; \u0159\u00edjen 2024 &#8211; <a href=\"https:\/\/fialavojtech.cz\/domains\/fialavojtech.cz\/wp-content\/uploads\/2024\/12\/JT-CASH-OPF-2.pdf\">zobrazit<\/a><\/p>\n<p>TMG bro\u017eura k 31.12.2023 &#8211; <a href=\"https:\/\/fialavojtech.cz\/domains\/fialavojtech.cz\/wp-content\/uploads\/2024\/06\/TaMeri-brozura-k-31.12.2023.pdf\">zobrazit<\/a><\/p>\n<p>Realia &#8211; v\u00fdsledky 2023 &#8211; <a href=\"https:\/\/fialavojtech.cz\/domains\/fialavojtech.cz\/wp-content\/uploads\/2024\/04\/REALIA_Vysledky-2023.pdf\">zobrazit<\/a><\/p>\n<p>AGUILA \u00fanor 2024 &#8211; <a href=\"https:\/\/fialavojtech.cz\/domains\/fialavojtech.cz\/wp-content\/uploads\/2024\/04\/factsheet_AGUILA_2024_02.pdf\">zobrazit<\/a><\/p>\n<p>J&amp;T Bond b\u0159ezen 2024 &#8211; <a href=\"https:\/\/fialavojtech.cz\/domains\/fialavojtech.cz\/wp-content\/uploads\/2024\/04\/JT-BOND.pdf\">zobrazit<\/a><\/p>\n<p>J&amp;T Money b\u0159ezen 2024 &#8211; <a href=\"https:\/\/fialavojtech.cz\/domains\/fialavojtech.cz\/wp-content\/uploads\/2024\/04\/JT-MONEY.pdf\">zobrazit<\/a><\/p>\n<p>R2P Bro\u017eura 2023 &#8211; <a href=\"https:\/\/fialavojtech.cz\/domains\/fialavojtech.cz\/wp-content\/uploads\/2024\/02\/r2p_investicni_fond_memoranda.pdf\">zobrazit<\/a><\/p>\n<p>J&amp;T Bond prosinec 2023 &#8211; <a href=\"https:\/\/fialavojtech.cz\/domains\/fialavojtech.cz\/wp-content\/uploads\/2024\/01\/JT_Bond_202312.pdf\">zobrazit<\/a><\/p>\n<p>J&amp;T Money prosinec 2023 &#8211; <a href=\"https:\/\/fialavojtech.cz\/domains\/fialavojtech.cz\/wp-content\/uploads\/2024\/01\/JT_Money_202312.pdf\">zobrazit<\/a><\/p>\n<p>J&amp;T Bond z\u00e1\u0159\u00ed 2023 &#8211; <a href=\"https:\/\/fialavojtech.cz\/domains\/fialavojtech.cz\/wp-content\/uploads\/2023\/10\/JT_Bond_Zari_2023.pdf\">zobrazit<\/a><\/p>\n<p>J&amp;T Money z\u00e1\u0159\u00ed 2023 &#8211; <a href=\"https:\/\/fialavojtech.cz\/domains\/fialavojtech.cz\/wp-content\/uploads\/2023\/10\/JT_Money_Zari_2023.pdf\">zobrazit<\/a><\/p>\n<p>Rozhovor pro \u010dasopis INNOVATION &#8211; <a href=\"https:\/\/fialavojtech.cz\/domains\/fialavojtech.cz\/wp-content\/uploads\/2023\/09\/2023_09_CMF_Investicni_strategie_kterou_nikdo_jiny_v_CR_nenabizi_nese_ovoce_INNOVATION.pdf\">zobrazit<\/a><\/p>\n<p>Zm\u011bna strategie AGUILA 8\/2023 &#8211; <a href=\"https:\/\/fialavojtech.cz\/domains\/fialavojtech.cz\/wp-content\/uploads\/2023\/08\/2023_08_AGUILA_Uprava_strategie_se_fondu_AGUILA_vyplaci_PPF.pdf\">zobrazit<\/a><\/p>\n<p>J&amp;T Bond \u010derven 2023 &#8211; <a href=\"https:\/\/fialavojtech.cz\/domains\/fialavojtech.cz\/wp-content\/uploads\/2023\/07\/JT_Bond_FS_202206.pdf\">zobrazit<\/a><\/p>\n<p>J&amp;T Money \u010derven 2023 &#8211; <a href=\"https:\/\/fialavojtech.cz\/domains\/fialavojtech.cz\/wp-content\/uploads\/2023\/07\/JT_Money_FS_202206.pdf\">zobrazit<\/a><\/p>\n<p>REALIA Bro\u017eura 2023 &#8211; <a href=\"https:\/\/fialavojtech.cz\/domains\/fialavojtech.cz\/wp-content\/uploads\/2023\/05\/Realia-Fund-Sicav_brozura.pdf\">zobrazit<\/a><\/p>\n<p>J&amp;T Bond leden 2023 &#8211; <a href=\"https:\/\/fialavojtech.cz\/domains\/fialavojtech.cz\/wp-content\/uploads\/2023\/02\/JT_Bond_leden_2023.pdf\">zobrazit<\/a><\/p>\n<p>J&amp;T Money leden 2023 &#8211; <a href=\"https:\/\/fialavojtech.cz\/domains\/fialavojtech.cz\/wp-content\/uploads\/2023\/02\/JT_Money_leden_2023.pdf\">zobrazit<\/a><\/p>\n<p>J&amp;T Bond prosinec 2022 &#8211; <a href=\"https:\/\/fialavojtech.cz\/domains\/fialavojtech.cz\/wp-content\/uploads\/2023\/01\/JT_Bond_202212.pdf\">zobrazit<\/a><\/p>\n<p>J&amp;T Money prosinec 2022 &#8211; <a href=\"https:\/\/fialavojtech.cz\/domains\/fialavojtech.cz\/wp-content\/uploads\/2023\/01\/JT_Money_202212.pdf\">zobrazit<\/a><\/p>\n<p>J&amp;T Bond listopad 2022 &#8211; <a href=\"https:\/\/fialavojtech.cz\/domains\/fialavojtech.cz\/wp-content\/uploads\/2022\/12\/JT_Bond_202211.pdf\">zobrazit<\/a><\/p>\n<p>J&amp;T Money listopad 2022 <a href=\"https:\/\/fialavojtech.cz\/domains\/fialavojtech.cz\/wp-content\/uploads\/2022\/12\/JT_Money_202211.pdf\">zobrazit<\/a><\/p>\n<p>J&amp;T Bond \u0159\u00edjen 2022 <a href=\"https:\/\/fialavojtech.cz\/domains\/fialavojtech.cz\/wp-content\/uploads\/2022\/11\/JT_Bond_202210.pdf\">zobrazit<\/a><\/p>\n<p>J&amp;T Money \u0159\u00edjen 2022 <a href=\"https:\/\/fialavojtech.cz\/domains\/fialavojtech.cz\/wp-content\/uploads\/2022\/11\/JT_Money_202210.pdf\">zobrazit<\/a><\/p>\n<p>Fond \u010desk\u00e9ho bydlen\u00ed z\u00e1\u0159\u00ed 2022 <a href=\"https:\/\/fialavojtech.cz\/domains\/fialavojtech.cz\/wp-content\/uploads\/2022\/11\/FCB-Memorandum-zari-2022.pdf\">zobrazit<\/a><\/p>\n<p>REALIA Newsletter \u0159\u00edjen 2022 <a href=\"https:\/\/fialavojtech.cz\/domains\/fialavojtech.cz\/wp-content\/uploads\/2022\/11\/REALIA_newsletter-10_22.pdf\">zobrazit<\/a><\/p>\n<p>&nbsp;<\/p>\n","protected":false},"excerpt":{"rendered":"<p>J&amp;T Money &#8211; b\u0159ezen 2026 &#8211; zobrazit\u00a0 J&amp;T Bond &#8211; b\u0159ezen 2026 &#8211; zobrazit KOOR ESG &#8211; leden 2026 &#8211; zobrazit J&amp;T Energy &#8211; prosinec 2025 &#8211; zobrazit J&amp;T Money [&hellip;]<\/p>\n","protected":false},"author":1,"featured_media":0,"parent":0,"menu_order":0,"comment_status":"closed","ping_status":"closed","template":"","meta":{"inline_featured_image":false},"aioseo_notices":[],"_links":{"self":[{"href":"https:\/\/fialavojtech.cz\/domains\/fialavojtech.cz\/wp-json\/wp\/v2\/pages\/1270"}],"collection":[{"href":"https:\/\/fialavojtech.cz\/domains\/fialavojtech.cz\/wp-json\/wp\/v2\/pages"}],"about":[{"href":"https:\/\/fialavojtech.cz\/domains\/fialavojtech.cz\/wp-json\/wp\/v2\/types\/page"}],"author":[{"embeddable":true,"href":"https:\/\/fialavojtech.cz\/domains\/fialavojtech.cz\/wp-json\/wp\/v2\/users\/1"}],"replies":[{"embeddable":true,"href":"https:\/\/fialavojtech.cz\/domains\/fialavojtech.cz\/wp-json\/wp\/v2\/comments?post=1270"}],"version-history":[{"count":85,"href":"https:\/\/fialavojtech.cz\/domains\/fialavojtech.cz\/wp-json\/wp\/v2\/pages\/1270\/revisions"}],"predecessor-version":[{"id":1534,"href":"https:\/\/fialavojtech.cz\/domains\/fialavojtech.cz\/wp-json\/wp\/v2\/pages\/1270\/revisions\/1534"}],"wp:attachment":[{"href":"https:\/\/fialavojtech.cz\/domains\/fialavojtech.cz\/wp-json\/wp\/v2\/media?parent=1270"}],"curies":[{"name":"wp","href":"https:\/\/api.w.org\/{rel}","templated":true}]}}